{"id":287,"date":"2023-01-09T10:24:30","date_gmt":"2023-01-09T10:24:30","guid":{"rendered":"https:\/\/web.fernandezadvocats.com\/divorcio\/"},"modified":"2024-12-18T15:20:45","modified_gmt":"2024-12-18T15:20:45","slug":"divorcio","status":"publish","type":"page","link":"https:\/\/fernandezadvocats.com\/es\/divorcio\/","title":{"rendered":"DIVORCIO"},"content":{"rendered":"\t\t<div data-elementor-type=\"page\" data-elementor-id=\"287\" class=\"elementor elementor-287 elementor-56\" data-elementor-post-type=\"page\">\n\t\t\t\t\t\t<section data-particle_enable=\"false\" data-particle-mobile-disabled=\"false\" class=\"elementor-section elementor-top-section elementor-element elementor-element-ae8ac1c elementor-section-boxed elementor-section-height-default elementor-section-height-default\" data-id=\"ae8ac1c\" data-element_type=\"section\" data-settings=\"{&quot;background_background&quot;:&quot;classic&quot;}\">\n\t\t\t\t\t\t\t<div class=\"elementor-background-overlay\"><\/div>\n\t\t\t\t\t\t\t<div class=\"elementor-container elementor-column-gap-no\">\n\t\t\t\t\t<div class=\"elementor-column elementor-col-100 elementor-top-column elementor-element elementor-element-55d27dac elementor-invisible\" data-id=\"55d27dac\" data-element_type=\"column\" data-settings=\"{&quot;animation&quot;:&quot;fadeIn&quot;}\">\n\t\t\t<div class=\"elementor-widget-wrap elementor-element-populated\">\n\t\t\t\t\t\t<div class=\"elementor-element elementor-element-641f21d8 elementor-widget elementor-widget-heading\" data-id=\"641f21d8\" data-element_type=\"widget\" data-widget_type=\"heading.default\">\n\t\t\t\t<div class=\"elementor-widget-container\">\n\t\t\t<h2 class=\"elementor-heading-title elementor-size-default\">Divorcio de Mutuo Acuerdo<\/h2>\t\t<\/div>\n\t\t\t\t<\/div>\n\t\t\t\t\t<\/div>\n\t\t<\/div>\n\t\t\t\t\t<\/div>\n\t\t<\/section>\n\t\t\t\t<section data-particle_enable=\"false\" data-particle-mobile-disabled=\"false\" class=\"elementor-section elementor-top-section elementor-element elementor-element-4332523 elementor-section-content-middle elementor-reverse-tablet elementor-section-boxed elementor-section-height-default elementor-section-height-default\" data-id=\"4332523\" data-element_type=\"section\" data-settings=\"{&quot;background_background&quot;:&quot;classic&quot;}\">\n\t\t\t\t\t\t<div class=\"elementor-container elementor-column-gap-no\">\n\t\t\t\t\t<div class=\"elementor-column elementor-col-50 elementor-top-column elementor-element elementor-element-14172ce3 elementor-invisible\" data-id=\"14172ce3\" data-element_type=\"column\" data-settings=\"{&quot;animation&quot;:&quot;fadeInLeft&quot;}\">\n\t\t\t<div class=\"elementor-widget-wrap elementor-element-populated\">\n\t\t\t\t\t\t<div class=\"elementor-element elementor-element-7e0cf931 elementor-widget elementor-widget-image\" data-id=\"7e0cf931\" data-element_type=\"widget\" data-widget_type=\"image.default\">\n\t\t\t\t<div class=\"elementor-widget-container\">\n\t\t\t\t\t\t\t\t\t\t\t\t\t<img fetchpriority=\"high\" decoding=\"async\" width=\"1500\" height=\"1861\" src=\"https:\/\/fernandezadvocats.com\/wp-content\/uploads\/2023\/07\/divorci2.jpeg\" class=\"attachment-full size-full wp-image-398\" alt=\"\" srcset=\"https:\/\/fernandezadvocats.com\/wp-content\/uploads\/2023\/07\/divorci2.jpeg 1500w, https:\/\/fernandezadvocats.com\/wp-content\/uploads\/2023\/07\/divorci2-242x300.jpeg 242w, https:\/\/fernandezadvocats.com\/wp-content\/uploads\/2023\/07\/divorci2-825x1024.jpeg 825w, https:\/\/fernandezadvocats.com\/wp-content\/uploads\/2023\/07\/divorci2-768x953.jpeg 768w, https:\/\/fernandezadvocats.com\/wp-content\/uploads\/2023\/07\/divorci2-1238x1536.jpeg 1238w\" sizes=\"(max-width: 1500px) 100vw, 1500px\" \/>\t\t\t\t\t\t\t\t\t\t\t\t\t<\/div>\n\t\t\t\t<\/div>\n\t\t\t\t\t<\/div>\n\t\t<\/div>\n\t\t\t\t<div class=\"elementor-column elementor-col-50 elementor-top-column elementor-element elementor-element-657c4ca1 elementor-invisible\" data-id=\"657c4ca1\" data-element_type=\"column\" data-settings=\"{&quot;animation&quot;:&quot;fadeInRight&quot;}\">\n\t\t\t<div class=\"elementor-widget-wrap elementor-element-populated\">\n\t\t\t\t\t\t<section data-particle_enable=\"false\" data-particle-mobile-disabled=\"false\" class=\"elementor-section elementor-inner-section elementor-element elementor-element-72d29600 elementor-section-boxed elementor-section-height-default elementor-section-height-default\" data-id=\"72d29600\" data-element_type=\"section\">\n\t\t\t\t\t\t<div class=\"elementor-container elementor-column-gap-no\">\n\t\t\t\t\t<div class=\"elementor-column elementor-col-100 elementor-inner-column elementor-element elementor-element-5085ada\" data-id=\"5085ada\" data-element_type=\"column\">\n\t\t\t<div class=\"elementor-widget-wrap elementor-element-populated\">\n\t\t\t\t\t\t<div class=\"elementor-element elementor-element-ceaeecc elementor-widget elementor-widget-heading\" data-id=\"ceaeecc\" data-element_type=\"widget\" data-widget_type=\"heading.default\">\n\t\t\t\t<div class=\"elementor-widget-container\">\n\t\t\t<h2 class=\"elementor-heading-title elementor-size-default\">Fern\u00e1ndez Advocats ofrece actualmente la posibilidad de divorciarse de mutuo acuerdo por un precio total de 1.100\u20ac\n<\/h2>\t\t<\/div>\n\t\t\t\t<\/div>\n\t\t\t\t\t<\/div>\n\t\t<\/div>\n\t\t\t\t\t<\/div>\n\t\t<\/section>\n\t\t\t\t<div class=\"elementor-element elementor-element-525e8924 elementor-widget elementor-widget-text-editor\" data-id=\"525e8924\" data-element_type=\"widget\" data-widget_type=\"text-editor.default\">\n\t\t\t\t<div class=\"elementor-widget-container\">\n\t\t\t\t\t\t\t<p>El procedimiento incluye atenci\u00f3n personalizada, la configuraci\u00f3n del convenio regulador y de la demanda de divorcio, as\u00ed como los gastos de procurador, por tanto, todos los tr\u00e1mites necesarios para obtener una sentencia de divorcio con un contenido equilibrado en las pretensiones de ambos c\u00f3nyuges. <\/p>\n\t\t\t\t\t\t<\/div>\n\t\t\t\t<\/div>\n\t\t\t\t\t<\/div>\n\t\t<\/div>\n\t\t\t\t\t<\/div>\n\t\t<\/section>\n\t\t\t\t<section data-particle_enable=\"false\" data-particle-mobile-disabled=\"false\" class=\"elementor-section elementor-top-section elementor-element elementor-element-1af43258 elementor-section-content-middle elementor-section-boxed elementor-section-height-default elementor-section-height-default\" data-id=\"1af43258\" data-element_type=\"section\" data-settings=\"{&quot;background_background&quot;:&quot;classic&quot;}\">\n\t\t\t\t\t\t<div class=\"elementor-container elementor-column-gap-no\">\n\t\t\t\t\t<div class=\"elementor-column elementor-col-50 elementor-top-column elementor-element elementor-element-6f99f0a6 elementor-invisible\" data-id=\"6f99f0a6\" data-element_type=\"column\" data-settings=\"{&quot;animation&quot;:&quot;fadeInLeft&quot;}\">\n\t\t\t<div class=\"elementor-widget-wrap elementor-element-populated\">\n\t\t\t\t\t\t<div class=\"elementor-element elementor-element-111dd8ec elementor-widget elementor-widget-text-editor\" data-id=\"111dd8ec\" data-element_type=\"widget\" data-widget_type=\"text-editor.default\">\n\t\t\t\t<div class=\"elementor-widget-container\">\n\t\t\t\t\t\t\t<p>El divorcio de mutuo acuerdo es aquel acuerdo entre los c\u00f3nyuges contenido en el convenio regulador firmado por ambas partes que determina c\u00f3mo deben repartirse los bienes, la custodia y el r\u00e9gimen de visitas respecto a los hijos menores de edad, la disoluci\u00f3n del r\u00e9gimen matrimonial, la prestaci\u00f3n de alimentos y la pensi\u00f3n compensatoria cuando corresponda.<\/p>\n<p>Una vez firmado el convenio regulador debe presentarse la demanda de divorcio de mutuo acuerdo acompa\u00f1ada del correspondiente convenio ante el juzgado. Posteriormente, las partes son citadas para la ratificaci\u00f3n del contenido del convenio ante el juzgado mediante la firma del mismo, procediendo el juez competente a dictar la sentencia de divorcio y la inscripci\u00f3n de \u00e9sta en el Registro Civil correspondiente.<\/p>\n<p>El divorcio de mutuo acuerdo ven\u00eda precedido anteriormente de un procedimiento de separaci\u00f3n, actualmente no es necesario y los c\u00f3nyuges pueden solicitar el divorcio directamente, es lo que habitualmente se ha venido a denominar \u201cdivorcio express\u201d por la agilidad de este procedimiento en relaci\u00f3n a \u00e9pocas pasadas. Asimismo, este procedimiento es de aplicaci\u00f3n en la separaci\u00f3n de las parejas de hecho.<\/p>\n<p>Nuestro despacho de abogados presta sus servicios jur\u00eddicos desde hace m\u00e1s de 30 a\u00f1os y durante el transcurso de dos generaciones, siendo especializados en diversas ramas del derecho, entre ellas las separaciones y divorcios.<\/p>\n\t\t\t\t\t\t<\/div>\n\t\t\t\t<\/div>\n\t\t\t\t<div class=\"elementor-element elementor-element-38022258 elementor-widget elementor-widget-button\" data-id=\"38022258\" data-element_type=\"widget\" data-widget_type=\"button.default\">\n\t\t\t\t<div class=\"elementor-widget-container\">\n\t\t\t\t\t<div class=\"elementor-button-wrapper\">\n\t\t\t<a class=\"elementor-button elementor-button-link elementor-size-sm\" href=\"https:\/\/web.fernandezadvocats.com\/contacte\/\">\n\t\t\t\t\t\t<span class=\"elementor-button-content-wrapper\">\n\t\t\t\t\t\t<span class=\"elementor-button-text\">Contacta con nosotros<\/span>\n\t\t<\/span>\n\t\t\t\t\t<\/a>\n\t\t<\/div>\n\t\t\t\t<\/div>\n\t\t\t\t<\/div>\n\t\t\t\t\t<\/div>\n\t\t<\/div>\n\t\t\t\t<div class=\"elementor-column elementor-col-50 elementor-top-column elementor-element elementor-element-a692c08 elementor-hidden-mobile elementor-invisible\" data-id=\"a692c08\" data-element_type=\"column\" data-settings=\"{&quot;animation&quot;:&quot;fadeInLeft&quot;}\">\n\t\t\t<div class=\"elementor-widget-wrap elementor-element-populated\">\n\t\t\t\t\t\t<div class=\"elementor-element elementor-element-fdcf2fb elementor-widget elementor-widget-image\" data-id=\"fdcf2fb\" data-element_type=\"widget\" data-widget_type=\"image.default\">\n\t\t\t\t<div class=\"elementor-widget-container\">\n\t\t\t\t\t\t\t\t\t\t\t\t\t<img decoding=\"async\" width=\"671\" height=\"850\" src=\"https:\/\/fernandezadvocats.com\/wp-content\/uploads\/2023\/03\/divorci.jpeg\" class=\"attachment-full size-full wp-image-270\" alt=\"\" srcset=\"https:\/\/fernandezadvocats.com\/wp-content\/uploads\/2023\/03\/divorci.jpeg 671w, https:\/\/fernandezadvocats.com\/wp-content\/uploads\/2023\/03\/divorci-237x300.jpeg 237w\" sizes=\"(max-width: 671px) 100vw, 671px\" \/>\t\t\t\t\t\t\t\t\t\t\t\t\t<\/div>\n\t\t\t\t<\/div>\n\t\t\t\t\t<\/div>\n\t\t<\/div>\n\t\t\t\t\t<\/div>\n\t\t<\/section>\n\t\t\t\t<\/div>\n\t\t","protected":false},"excerpt":{"rendered":"<p>Divorcio de Mutuo Acuerdo Fern\u00e1ndez Advocats ofrece actualmente la posibilidad de divorciarse de mutuo acuerdo por un precio total de 1.100\u20ac El procedimiento incluye atenci\u00f3n personalizada, la configuraci\u00f3n del convenio regulador y de la demanda de divorcio, as\u00ed como los gastos de procurador, por tanto, todos los tr\u00e1mites necesarios para obtener una sentencia de divorcio [&hellip;]<\/p>\n","protected":false},"author":2,"featured_media":0,"parent":0,"menu_order":0,"comment_status":"closed","ping_status":"closed","template":"elementor_header_footer","meta":{"_monsterinsights_skip_tracking":false,"_monsterinsights_sitenote_active":false,"_monsterinsights_sitenote_note":"","_monsterinsights_sitenote_category":0,"footnotes":""},"class_list":["post-287","page","type-page","status-publish","hentry"],"yoast_head":"<!-- This site is optimized with the Yoast SEO plugin v22.0 - https:\/\/yoast.com\/wordpress\/plugins\/seo\/ -->\n<title>Divorcio de mutuo acuerdo - Fern\u00e1ndez Advocats<\/title>\n<meta name=\"description\" content=\"Fern\u00e1ndez Advocats ofrece actualmente la posibilidad de divorciarse de mutuo acuerdo por un precio total de 1.100\u20ac\" \/>\n<meta name=\"robots\" content=\"index, follow, max-snippet:-1, max-image-preview:large, max-video-preview:-1\" \/>\n<link rel=\"canonical\" href=\"https:\/\/fernandezadvocats.com\/es\/divorcio\/\" \/>\n<meta property=\"og:locale\" content=\"es_ES\" \/>\n<meta property=\"og:type\" content=\"article\" \/>\n<meta property=\"og:title\" content=\"Divorcio de mutuo acuerdo - Fern\u00e1ndez Advocats\" \/>\n<meta property=\"og:description\" content=\"Fern\u00e1ndez Advocats ofrece actualmente la posibilidad de divorciarse de mutuo acuerdo por un precio total de 1.100\u20ac\" \/>\n<meta property=\"og:url\" content=\"https:\/\/fernandezadvocats.com\/es\/divorcio\/\" \/>\n<meta property=\"og:site_name\" content=\"Fern\u00e1ndez Advocats\" \/>\n<meta property=\"article:modified_time\" content=\"2024-12-18T15:20:45+00:00\" \/>\n<meta property=\"og:image\" content=\"https:\/\/fernandezadvocats.com\/wp-content\/uploads\/2023\/07\/divorci2.jpeg\" \/>\n<meta name=\"twitter:card\" content=\"summary_large_image\" \/>\n<script type=\"application\/ld+json\" class=\"yoast-schema-graph\">{\"@context\":\"https:\/\/schema.org\",\"@graph\":[{\"@type\":\"WebPage\",\"@id\":\"https:\/\/fernandezadvocats.com\/es\/divorcio\/\",\"url\":\"https:\/\/fernandezadvocats.com\/es\/divorcio\/\",\"name\":\"Divorcio de mutuo acuerdo - Fern\u00e1ndez Advocats\",\"isPartOf\":{\"@id\":\"https:\/\/fernandezadvocats.com\/es\/#website\"},\"datePublished\":\"2023-01-09T10:24:30+00:00\",\"dateModified\":\"2024-12-18T15:20:45+00:00\",\"description\":\"Fern\u00e1ndez Advocats ofrece actualmente la posibilidad de divorciarse de mutuo acuerdo por un precio total de 1.100\u20ac\",\"breadcrumb\":{\"@id\":\"https:\/\/fernandezadvocats.com\/es\/divorcio\/#breadcrumb\"},\"inLanguage\":\"es\",\"potentialAction\":[{\"@type\":\"ReadAction\",\"target\":[\"https:\/\/fernandezadvocats.com\/es\/divorcio\/\"]}]},{\"@type\":\"BreadcrumbList\",\"@id\":\"https:\/\/fernandezadvocats.com\/es\/divorcio\/#breadcrumb\",\"itemListElement\":[{\"@type\":\"ListItem\",\"position\":1,\"name\":\"Portada\",\"item\":\"https:\/\/fernandezadvocats.com\/es\/\"},{\"@type\":\"ListItem\",\"position\":2,\"name\":\"DIVORCIO\"}]},{\"@type\":\"WebSite\",\"@id\":\"https:\/\/fernandezadvocats.com\/es\/#website\",\"url\":\"https:\/\/fernandezadvocats.com\/es\/\",\"name\":\"Fern\u00e1ndez Advocats\",\"description\":\"\",\"publisher\":{\"@id\":\"https:\/\/fernandezadvocats.com\/es\/#organization\"},\"potentialAction\":[{\"@type\":\"SearchAction\",\"target\":{\"@type\":\"EntryPoint\",\"urlTemplate\":\"https:\/\/fernandezadvocats.com\/es\/?s={search_term_string}\"},\"query-input\":\"required name=search_term_string\"}],\"inLanguage\":\"es\"},{\"@type\":\"Organization\",\"@id\":\"https:\/\/fernandezadvocats.com\/es\/#organization\",\"name\":\"Fern\u00e1ndez Advocats\",\"url\":\"https:\/\/fernandezadvocats.com\/es\/\",\"logo\":{\"@type\":\"ImageObject\",\"inLanguage\":\"es\",\"@id\":\"https:\/\/fernandezadvocats.com\/es\/#\/schema\/logo\/image\/\",\"url\":\"https:\/\/fernandezadvocats.com\/wp-content\/uploads\/2023\/03\/logo-ADVOCATS-scaled.jpg\",\"contentUrl\":\"https:\/\/fernandezadvocats.com\/wp-content\/uploads\/2023\/03\/logo-ADVOCATS-scaled.jpg\",\"width\":2560,\"height\":311,\"caption\":\"Fern\u00e1ndez Advocats\"},\"image\":{\"@id\":\"https:\/\/fernandezadvocats.com\/es\/#\/schema\/logo\/image\/\"}}]}<\/script>\n<!-- \/ Yoast SEO plugin. -->","yoast_head_json":{"title":"Divorcio de mutuo acuerdo - Fern\u00e1ndez Advocats","description":"Fern\u00e1ndez Advocats ofrece actualmente la posibilidad de divorciarse de mutuo acuerdo por un precio total de 1.100\u20ac","robots":{"index":"index","follow":"follow","max-snippet":"max-snippet:-1","max-image-preview":"max-image-preview:large","max-video-preview":"max-video-preview:-1"},"canonical":"https:\/\/fernandezadvocats.com\/es\/divorcio\/","og_locale":"es_ES","og_type":"article","og_title":"Divorcio de mutuo acuerdo - Fern\u00e1ndez Advocats","og_description":"Fern\u00e1ndez Advocats ofrece actualmente la posibilidad de divorciarse de mutuo acuerdo por un precio total de 1.100\u20ac","og_url":"https:\/\/fernandezadvocats.com\/es\/divorcio\/","og_site_name":"Fern\u00e1ndez Advocats","article_modified_time":"2024-12-18T15:20:45+00:00","og_image":[{"url":"https:\/\/fernandezadvocats.com\/wp-content\/uploads\/2023\/07\/divorci2.jpeg"}],"twitter_card":"summary_large_image","schema":{"@context":"https:\/\/schema.org","@graph":[{"@type":"WebPage","@id":"https:\/\/fernandezadvocats.com\/es\/divorcio\/","url":"https:\/\/fernandezadvocats.com\/es\/divorcio\/","name":"Divorcio de mutuo acuerdo - Fern\u00e1ndez Advocats","isPartOf":{"@id":"https:\/\/fernandezadvocats.com\/es\/#website"},"datePublished":"2023-01-09T10:24:30+00:00","dateModified":"2024-12-18T15:20:45+00:00","description":"Fern\u00e1ndez Advocats ofrece actualmente la posibilidad de divorciarse de mutuo acuerdo por un precio total de 1.100\u20ac","breadcrumb":{"@id":"https:\/\/fernandezadvocats.com\/es\/divorcio\/#breadcrumb"},"inLanguage":"es","potentialAction":[{"@type":"ReadAction","target":["https:\/\/fernandezadvocats.com\/es\/divorcio\/"]}]},{"@type":"BreadcrumbList","@id":"https:\/\/fernandezadvocats.com\/es\/divorcio\/#breadcrumb","itemListElement":[{"@type":"ListItem","position":1,"name":"Portada","item":"https:\/\/fernandezadvocats.com\/es\/"},{"@type":"ListItem","position":2,"name":"DIVORCIO"}]},{"@type":"WebSite","@id":"https:\/\/fernandezadvocats.com\/es\/#website","url":"https:\/\/fernandezadvocats.com\/es\/","name":"Fern\u00e1ndez Advocats","description":"","publisher":{"@id":"https:\/\/fernandezadvocats.com\/es\/#organization"},"potentialAction":[{"@type":"SearchAction","target":{"@type":"EntryPoint","urlTemplate":"https:\/\/fernandezadvocats.com\/es\/?s={search_term_string}"},"query-input":"required name=search_term_string"}],"inLanguage":"es"},{"@type":"Organization","@id":"https:\/\/fernandezadvocats.com\/es\/#organization","name":"Fern\u00e1ndez Advocats","url":"https:\/\/fernandezadvocats.com\/es\/","logo":{"@type":"ImageObject","inLanguage":"es","@id":"https:\/\/fernandezadvocats.com\/es\/#\/schema\/logo\/image\/","url":"https:\/\/fernandezadvocats.com\/wp-content\/uploads\/2023\/03\/logo-ADVOCATS-scaled.jpg","contentUrl":"https:\/\/fernandezadvocats.com\/wp-content\/uploads\/2023\/03\/logo-ADVOCATS-scaled.jpg","width":2560,"height":311,"caption":"Fern\u00e1ndez Advocats"},"image":{"@id":"https:\/\/fernandezadvocats.com\/es\/#\/schema\/logo\/image\/"}}]}},"_links":{"self":[{"href":"https:\/\/fernandezadvocats.com\/es\/wp-json\/wp\/v2\/pages\/287","targetHints":{"allow":["GET"]}}],"collection":[{"href":"https:\/\/fernandezadvocats.com\/es\/wp-json\/wp\/v2\/pages"}],"about":[{"href":"https:\/\/fernandezadvocats.com\/es\/wp-json\/wp\/v2\/types\/page"}],"author":[{"embeddable":true,"href":"https:\/\/fernandezadvocats.com\/es\/wp-json\/wp\/v2\/users\/2"}],"replies":[{"embeddable":true,"href":"https:\/\/fernandezadvocats.com\/es\/wp-json\/wp\/v2\/comments?post=287"}],"version-history":[{"count":7,"href":"https:\/\/fernandezadvocats.com\/es\/wp-json\/wp\/v2\/pages\/287\/revisions"}],"predecessor-version":[{"id":414,"href":"https:\/\/fernandezadvocats.com\/es\/wp-json\/wp\/v2\/pages\/287\/revisions\/414"}],"wp:attachment":[{"href":"https:\/\/fernandezadvocats.com\/es\/wp-json\/wp\/v2\/media?parent=287"}],"curies":[{"name":"wp","href":"https:\/\/api.w.org\/{rel}","templated":true}]}}